{"id":15,"date":"2014-06-24T20:02:32","date_gmt":"2014-06-24T18:02:32","guid":{"rendered":"http:\/\/www.commuti.it\/it\/?page_id=15"},"modified":"2014-06-26T13:02:09","modified_gmt":"2014-06-26T11:02:09","slug":"centralini-virtuali","status":"publish","type":"page","link":"http:\/\/www.commuti.it\/it\/centralini-virtuali\/","title":{"rendered":"CENTRALINI VIRTUALI"},"content":{"rendered":"<p>Il centralino virtuale\u00a0 consente di innovare il proprio sistema di comunicazione sfruttando i vantaggi della tecnologia VoIP. Questa soluzione \u00e8 rivolta alle aziende che necessitano di un centralino telefonico avanzato usufruendo di servizi ad alta tecnologia abbattendo, contemporaneamente, i costi telefonici e di manutenzione relativi ad un centralino installato in sede.<br \/>\nIl  centralino telefonico virtuale \u00e8 completamente configurabile e personalizzabile secondo le  esigenze dei clienti.  Per funzionare non ha bisogno di alcuna installazione ma solo ed esclusivamente dei telefoni. Il cliente potr\u00e0 mantenere i suoi numeri telefonici potendo, allo stesso tempo, usufruire di innumerevoli funzionalit\u00e0 che un centralino standard non pu\u00f2 garantire.<\/p>\n<p>In poche parole:<\/p>\n<p><b>Telefono fisso ovunque<\/b>:\u00a0Il tuo interno telefonico pu\u00f2 essere installato dove vuoi, basta una connessione ad internet ed il tuo interno aziendale \u00e8 con te.<br \/>\nComodissimo anche per le istallazioni multi-sede, sar\u00e0 sufficiente attaccare un interno alla rete internet della filiale di \u201cRoma\u201d e l&#8217;altro alla rete della sede di \u201cMilano\u201d&#8230; E il gioco \u00e8 fatto!<\/p>\n<p><a href=\"\/it\/servizi-mobile\/\"><-- torna a Servizi<\/a><\/p>\n","protected":false},"excerpt":{"rendered":"<p>Il centralino virtuale\u00a0 consente di innovare il proprio sistema di comunicazione sfruttando i vantaggi della tecnologia VoIP. Questa soluzione \u00e8 rivolta alle aziende che necessitano di un centralino telefonico avanzato usufruendo di servizi ad alta tecnologia abbattendo, contemporaneamente, i costi telefonici e di manutenzione relativi ad un centralino installato in sede. Il centralino telefonico virtuale [&hellip;]<\/p>\n","protected":false},"author":2,"featured_media":0,"parent":0,"menu_order":0,"comment_status":"closed","ping_status":"open","template":"","meta":[],"_links":{"self":[{"href":"http:\/\/www.commuti.it\/it\/wp-json\/wp\/v2\/pages\/15"}],"collection":[{"href":"http:\/\/www.commuti.it\/it\/wp-json\/wp\/v2\/pages"}],"about":[{"href":"http:\/\/www.commuti.it\/it\/wp-json\/wp\/v2\/types\/page"}],"author":[{"embeddable":true,"href":"http:\/\/www.commuti.it\/it\/wp-json\/wp\/v2\/users\/2"}],"replies":[{"embeddable":true,"href":"http:\/\/www.commuti.it\/it\/wp-json\/wp\/v2\/comments?post=15"}],"version-history":[{"count":2,"href":"http:\/\/www.commuti.it\/it\/wp-json\/wp\/v2\/pages\/15\/revisions"}],"predecessor-version":[{"id":162,"href":"http:\/\/www.commuti.it\/it\/wp-json\/wp\/v2\/pages\/15\/revisions\/162"}],"wp:attachment":[{"href":"http:\/\/www.commuti.it\/it\/wp-json\/wp\/v2\/media?parent=15"}],"curies":[{"name":"wp","href":"https:\/\/api.w.org\/{rel}","templated":true}]}}