{"id":17,"date":"2014-06-24T20:04:00","date_gmt":"2014-06-24T18:04:00","guid":{"rendered":"http:\/\/www.commuti.it\/it\/?page_id=17"},"modified":"2014-06-25T23:59:47","modified_gmt":"2014-06-25T21:59:47","slug":"chi-siamo","status":"publish","type":"page","link":"http:\/\/www.commuti.it\/it\/chi-siamo\/","title":{"rendered":""},"content":{"rendered":"<h2>I SOCI FONDATORI:<\/h2>\n<p><center><h7>AMMINISTRATORE UNICO<\/h7><\/center><\/p>\n<h3>DUILIO CANU<\/h3>\n<p><img class=\"alignleft\" src=\"\/it\/wp-content\/themes\/commuti\/images\/team\/duilio.jpg\" alt=\"\" \/><br \/>\nE\u2019 il fondatore di COMMUTI S.r.l. ed il maggiore riferimento tecnico all\u2019interno dell\u2019azienda, occupandosi di progettazione di impianti telefonici e reti, dai pi\u00f9 semplici alle soluzioni pi\u00f9 complesse da una vita intera.<\/p>\n<p>Vanta una esperienza trentennale nel mondo delle telecomunicazioni, al cui interno \u00e8 letteralmente cresciuto, entrando a soli 16 anni a pieno ruolo nell\u2019azienda paterna, la <i><b>C.G.M di Gavino Canu<\/b><\/i>, azienda leader nel campo delle installazioni di centrali telefoniche private. Dopo pochi anni diventa capo squadra e segue le installazioni per conto di <i><b>SIP<\/b><\/i> nella zona di Monza.<\/p>\n<p>Successivamente ricopre il ruolo di responsabile degli appalti aperti con la societ\u00e0 <i><b>SEA (aeroporti milanesi)<\/b><\/i><\/p>\n<p>Nel 1991 nasce la <i><b>C.G.M Telematica S.r.l<\/b><\/i><b>. <\/b>nella quale ricopre inizialmente il ruolo di responsabile tecnico e successivamente quello di responsabile del settore ricerca e sviluppo.<\/p>\n<p>Agli albori di internet e prima ancora con la rete fidonet, dimostra assoluta padronanza delle logiche della rete, installa, configura e gestisce i primi modem analogici ed i primi modem digitali su ISDN.<\/p>\n<p>Utilizza queste sue esperienze nel campo della manutenzione delle centrali telefoniche inaugurando l&#8217;epoca della &#8220;tele assistenza&#8221;.<\/p>\n<p>Nel 2005 diventa amministratore unico e socio di maggioranza della <i>CGM Telematica S.r.l.<\/i>. L&#8217;azienda investe quindi nelle nuove tecnologie nel campo delle telecomunicazioni e diventa tra i primi operatori in grado di remotizzare i telefoni interni dei centralini tramite la tecnologia VOIP.<\/p>\n<p>Nel 2009 costituisce l&#8217;impresa <i>Duilio Canu <\/i>che nel campo delle telecomunicazioni fornisce servizi ad alto valore aggiunto, inaugurando la strategia dei servizi costruiti su misura del cliente con la logica degli &#8220;<b>artigiani delle telecomunicazioni<\/b>&#8220;.<\/p>\n<p>Durante la sua lunga carriera ottiene innumerevoli certificazioni tecniche nel campo delle telecomunicazioni, delle reti dati e degli apparati di rete.<\/p>\n<p>Problem solver per eccellenza, ha l\u2019innata capacit\u00e0 di trovare soluzioni all\u2019avanguardia ancora prima che i problemi si creati, unendo al rigore della tecnica una grandissima capacit\u00e0 visionaria e creativa.<\/p>\n<p><h8>Tel.<\/h8> 02-89356565<br \/>\n<h8>Mail<\/h8> duilio.canu@commuti.it<\/p>\n<p>&nbsp;<\/p>\n<p><center><h7>IL TEAM<\/h7><\/center><\/p>\n<h3>ELEONORA LINARES<\/h3>\n<p><img class=\"alignleft\" src=\"\/it\/wp-content\/themes\/commuti\/images\/team\/eleonora.jpg\" alt=\"\" \/><br \/>\nC.I.O. ed esperta in Digital Marketing and Strategies. Eleonora, con una lunga carriera alle spalle su due fronti nel mondo IT, quello delle reti informatiche e quello della comunicazione ed i nuovi media, \u00e8 il nostro esperto in tutto quanto \u00e8 innovazione tecnologica e comunicazione digitale. Si occupa della nostra immagine aziendale, del marketing e della comunicazione, dei progetti innovativi ed all\u2019occorrenza anche della progettazione di nuovi impianti, sistemi avanzati e virtualizzazioni per i nostri clienti.<\/p>\n<p><h8>Tel.<\/h8> 02-89356588<br \/>\n<h8>Mail<\/h8> eleonora.linares@commuti.it<\/p>\n<h3>GIANCARLO UGGERI<\/h3>\n<p><img class=\"alignleft\" src=\"\/it\/wp-content\/themes\/commuti\/images\/team\/giancarlo.jpg\" alt=\"\" \/><br \/>\nE\u2019 il nostro responsabile operativo e della qualit\u00e0 dei nostri servizi. Con una esperienza ventennale nel campo delle TLC prevalentemente come Responsabile del Post-vendita, ha collaborato con le case costruttrici ed i provider pi\u00f9 rinomati, quali: Telenorma, Bosch, Tenovis, Avaya, Telecom Italia, Wind Infostrada, Vodafone, acquisendo esperienza in varie aree operative, quali: Gestione installazioni e posa in opera di sistemi telefonici, gestione Service Partner, Customer-Care, gestione reclami e customer-satisfaction, vendita ed acquisizione di servizi inerenti al Maintenance, supporto al sales e al pre-sales, gestione sistema di qualit\u00e0 interno, sviluppo di applicativi su sistemi informatici aziendali, gestione magazzini assistenza.<\/p>\n<p><h8>Tel.<\/h8> 02-89356545<br \/>\n<h8>Mail<\/h8> giancarlo.uggeri@commuti.it<\/p>\n<h3>VALENTINA ASUNI<\/h3>\n<p><img class=\"alignleft\" src=\"\/it\/wp-content\/themes\/commuti\/images\/team\/valentina.jpg\" alt=\"\" \/><br \/>\nBusiness Analyst &amp; Business Network Developement. Laureata in Economia all\u2019Universit\u00e0 Cattolica del Sacro Cuore, Valentina \u00e8 la nostra analista ed economista. Si occupa di sviluppare reti e collaborazioni con importanti poli e gruppi imprenditoriali Italiani.<\/p>\n<p>Con il suo ruolo d\u00e0 contributi strategici all\u2019attivit\u00e0 quotidiana della nostra impresa, essendo in grado di destreggiarsi tra molteplici compiti e di legare i progetti IT ai successi di business. Si occupa della collezione e l&#8217;analisi dei dati relativi all&#8217;universo del cliente per selezionare quelli significativi ed elaborarli in modo efficace, Della partecipazione\u00a0 alle attivit\u00e0 di progetto all&#8217;interno di un team di lavoro, dello sviluppo di analisi quantitative e il contributo nello strutturare la risoluzione dei problemi;della gestione di attivit\u00e0 quali la preparazione di presentazioni, la creazione di tabelle, grafici e report.<\/p>\n<p><h8>Tel.<\/h8> 02-89356555<br \/>\n<h8>Mail<\/h8> valentina.asuni@commuti.it<\/p>\n<p>&nbsp;<\/p>\n<h3>ROSARIA RANALLI<\/h3>\n<p><img class=\"alignleft\" src=\"\/it\/wp-content\/themes\/commuti\/images\/team\/rosaria.jpg\" alt=\"\" \/><br \/>\nResponsabile commerciale \u201csmall business\u201d, Rosaria \u00e8 un anello fondamentale dell\u2019azienda, coordinando le azioni dei segnalatori con l\u2019organizzazione tecnica ed operativa di COMMUTI. Sposando esperienze nel settore delle risorse umane con altre in ambito commerciale e del mondo della moda, si occupa di ampliare e gestire la rete dei segnalatori, dei contatti con le piccole imprese e delle nuove opportunit\u00e0.<\/p>\n<p><h8>Tel.<\/h8> 02-89356525<br \/>\n<h8>Mail<\/h8> rosaria.ranalli@commuti.it<\/p>\n","protected":false},"excerpt":{"rendered":"<p>I SOCI FONDATORI: AMMINISTRATORE UNICO DUILIO CANU E\u2019 il fondatore di COMMUTI S.r.l. ed il maggiore riferimento tecnico all\u2019interno dell\u2019azienda, occupandosi di progettazione di impianti telefonici e reti, dai pi\u00f9 semplici alle soluzioni pi\u00f9 complesse da una vita intera. Vanta una esperienza trentennale nel mondo delle telecomunicazioni, al cui interno \u00e8 letteralmente cresciuto, entrando a [&hellip;]<\/p>\n","protected":false},"author":2,"featured_media":0,"parent":0,"menu_order":0,"comment_status":"closed","ping_status":"open","template":"","meta":[],"_links":{"self":[{"href":"http:\/\/www.commuti.it\/it\/wp-json\/wp\/v2\/pages\/17"}],"collection":[{"href":"http:\/\/www.commuti.it\/it\/wp-json\/wp\/v2\/pages"}],"about":[{"href":"http:\/\/www.commuti.it\/it\/wp-json\/wp\/v2\/types\/page"}],"author":[{"embeddable":true,"href":"http:\/\/www.commuti.it\/it\/wp-json\/wp\/v2\/users\/2"}],"replies":[{"embeddable":true,"href":"http:\/\/www.commuti.it\/it\/wp-json\/wp\/v2\/comments?post=17"}],"version-history":[{"count":9,"href":"http:\/\/www.commuti.it\/it\/wp-json\/wp\/v2\/pages\/17\/revisions"}],"predecessor-version":[{"id":151,"href":"http:\/\/www.commuti.it\/it\/wp-json\/wp\/v2\/pages\/17\/revisions\/151"}],"wp:attachment":[{"href":"http:\/\/www.commuti.it\/it\/wp-json\/wp\/v2\/media?parent=17"}],"curies":[{"name":"wp","href":"https:\/\/api.w.org\/{rel}","templated":true}]}}