{"id":27,"date":"2014-06-24T20:10:03","date_gmt":"2014-06-24T18:10:03","guid":{"rendered":"http:\/\/www.commuti.it\/it\/?page_id=27"},"modified":"2014-06-26T13:01:52","modified_gmt":"2014-06-26T11:01:52","slug":"fibra","status":"publish","type":"page","link":"http:\/\/www.commuti.it\/it\/fibra\/","title":{"rendered":"FIBRA"},"content":{"rendered":"<p>Un cavo di\u00a0<b>Fibra Ottica<\/b>\u00a0non \u00e8 altro che un insieme di sottilissimi filamenti trasparenti di fibra di vetro o polimeri plastici, delle dimensioni approssimative di un capello umano, tenuti assieme da una guaina protettiva in gomma. Le caratteristiche che distinguono questa tipologia di cavi dai normali cavi in rame, i cosiddetti &#8220;doppini&#8221;, sono quelle di essere in grado di trasportare molti pi\u00f9 dati\/informazioni per unit\u00e0 di tempo e nel contempo essere pi\u00f9 leggeri e maneggiabili, pi\u00f9 flessibili, sostanzialmente immuni ai disturbi elettrici e pi\u00f9 resistenti alle condizioni atmosferiche esterne (ad esempio, risentono meno delle variazioni di temperatura). Tutte queste caratteristiche rendono i cavi in fibra pi\u00f9 performanti in termini di capacit\u00e0 trasmissiva e meno soggetti a guasti e inconvenienti abbattendo cos\u00ec, e di molto, anche i disservizi alla clientela nonch\u00e9 i costi di manutenzione.<\/p>\n<p><a href=\"\/it\/servizi-mobile\/\"><-- torna a Servizi<\/a><\/p>\n","protected":false},"excerpt":{"rendered":"<p>Un cavo di\u00a0Fibra Ottica\u00a0non \u00e8 altro che un insieme di sottilissimi filamenti trasparenti di fibra di vetro o polimeri plastici, delle dimensioni approssimative di un capello umano, tenuti assieme da una guaina protettiva in gomma. Le caratteristiche che distinguono questa tipologia di cavi dai normali cavi in rame, i cosiddetti &#8220;doppini&#8221;, sono quelle di essere [&hellip;]<\/p>\n","protected":false},"author":2,"featured_media":0,"parent":0,"menu_order":0,"comment_status":"closed","ping_status":"open","template":"","meta":[],"_links":{"self":[{"href":"http:\/\/www.commuti.it\/it\/wp-json\/wp\/v2\/pages\/27"}],"collection":[{"href":"http:\/\/www.commuti.it\/it\/wp-json\/wp\/v2\/pages"}],"about":[{"href":"http:\/\/www.commuti.it\/it\/wp-json\/wp\/v2\/types\/page"}],"author":[{"embeddable":true,"href":"http:\/\/www.commuti.it\/it\/wp-json\/wp\/v2\/users\/2"}],"replies":[{"embeddable":true,"href":"http:\/\/www.commuti.it\/it\/wp-json\/wp\/v2\/comments?post=27"}],"version-history":[{"count":2,"href":"http:\/\/www.commuti.it\/it\/wp-json\/wp\/v2\/pages\/27\/revisions"}],"predecessor-version":[{"id":161,"href":"http:\/\/www.commuti.it\/it\/wp-json\/wp\/v2\/pages\/27\/revisions\/161"}],"wp:attachment":[{"href":"http:\/\/www.commuti.it\/it\/wp-json\/wp\/v2\/media?parent=27"}],"curies":[{"name":"wp","href":"https:\/\/api.w.org\/{rel}","templated":true}]}}