{"id":29,"date":"2014-06-24T20:10:22","date_gmt":"2014-06-24T18:10:22","guid":{"rendered":"http:\/\/www.commuti.it\/it\/?page_id=29"},"modified":"2014-06-26T13:00:52","modified_gmt":"2014-06-26T11:00:52","slug":"hdsl","status":"publish","type":"page","link":"http:\/\/www.commuti.it\/it\/hdsl\/","title":{"rendered":"HDSL"},"content":{"rendered":"<p>La tecnologia\u00a0<b>HDSL<\/b>\u00a0(<b>High bit-rate Digital Subscriber Line<\/b>) si distingue dagli altri servizi xDSL per la caratteristica principale di offrire un collegamento simmetrico e cio\u00e8 con la stessa velocit\u00e0 sia in trasmissione che ricezione (download e l&#8217;upload) e costituisce il punto pi\u00f9 avanzato della tecnologia xDSL (Digital Subscriber Line) e utilizza tutta la banda disponibile per collegamenti diretti con cavi in rame.<\/p>\n<p>Generalmente le connessioni ADSL prevedono l\u2019accorpamento di pi\u00f9 utenti su un unico flusso dati a cui tutti attingono con il proprio traffico.\u00a0L&#8217;HDSL\u00a0permette connessioni full duplex fino ad una velocit\u00e0 di 10 Mbps con tassi di errore, fino ad alcuni chilometri di distanza, comparabili a quelli delle trasmissioni in fibra ottica.<\/p>\n<p>Le connessioni\u00a0Hdsl e Shdsl sono normalmente riservate ad una clientela Business e sono una valida alternativa per le zone non raggiunte dal servizio Adsl.<\/p>\n<p><a href=\"\/it\/servizi-mobile\/\"><-- torna a Servizi<\/a><\/p>\n","protected":false},"excerpt":{"rendered":"<p>La tecnologia\u00a0HDSL\u00a0(High bit-rate Digital Subscriber Line) si distingue dagli altri servizi xDSL per la caratteristica principale di offrire un collegamento simmetrico e cio\u00e8 con la stessa velocit\u00e0 sia in trasmissione che ricezione (download e l&#8217;upload) e costituisce il punto pi\u00f9 avanzato della tecnologia xDSL (Digital Subscriber Line) e utilizza tutta la banda disponibile per collegamenti [&hellip;]<\/p>\n","protected":false},"author":2,"featured_media":0,"parent":0,"menu_order":0,"comment_status":"closed","ping_status":"open","template":"","meta":[],"_links":{"self":[{"href":"http:\/\/www.commuti.it\/it\/wp-json\/wp\/v2\/pages\/29"}],"collection":[{"href":"http:\/\/www.commuti.it\/it\/wp-json\/wp\/v2\/pages"}],"about":[{"href":"http:\/\/www.commuti.it\/it\/wp-json\/wp\/v2\/types\/page"}],"author":[{"embeddable":true,"href":"http:\/\/www.commuti.it\/it\/wp-json\/wp\/v2\/users\/2"}],"replies":[{"embeddable":true,"href":"http:\/\/www.commuti.it\/it\/wp-json\/wp\/v2\/comments?post=29"}],"version-history":[{"count":2,"href":"http:\/\/www.commuti.it\/it\/wp-json\/wp\/v2\/pages\/29\/revisions"}],"predecessor-version":[{"id":158,"href":"http:\/\/www.commuti.it\/it\/wp-json\/wp\/v2\/pages\/29\/revisions\/158"}],"wp:attachment":[{"href":"http:\/\/www.commuti.it\/it\/wp-json\/wp\/v2\/media?parent=29"}],"curies":[{"name":"wp","href":"https:\/\/api.w.org\/{rel}","templated":true}]}}