{"id":57,"date":"2014-06-24T20:16:19","date_gmt":"2014-06-24T18:16:19","guid":{"rendered":"http:\/\/www.commuti.it\/it\/?page_id=57"},"modified":"2014-06-26T13:00:06","modified_gmt":"2014-06-26T11:00:06","slug":"voip","status":"publish","type":"page","link":"http:\/\/www.commuti.it\/it\/voip\/","title":{"rendered":"VOIP"},"content":{"rendered":"<p>In ambito delle telecomunicazioni e in ambito informatico con <b>Voice over IP<\/b> (Voce tramite protocollo Internet), acronimo <b>VoIP<\/b>, si intende una tecnologia che rende possibile effettuare una conversazione telefonica sfruttando una connessione Internet o una qualsiasi altra rete dedicata a commutazione di pacchetto che utilizzi il protocollo IP senza connessione per il trasporto dati.<\/p>\n<p>Pi\u00f9 specificamente con VoIP si intende l&#8217;insieme dei protocolli di comunicazione di strato applicativo che rendono possibile tale tipo di comunicazione. Grazie a numerosi provider VoIP \u00e8 possibile effettuare telefonate anche verso la rete telefonica tradizionale (PSTN). In realt\u00e0 pi\u00f9 in generale VoIP consente una comunicazione audio-video real-time, unicast o multicast, su rete a pacchetto (es. videotelefonata, videochiamata e videoconferenza).<\/p>\n<p><b>Grazie a questa tecnologia COMMUTI \u00e8 in grado di fornire ai clienti linee telefoniche, native voip, ISDN base, ISDN flusso primario, analogiche.<\/b><\/p>\n<p><a href=\"\/it\/servizi-mobile\/\"><-- torna a Servizi<\/a><\/p>\n","protected":false},"excerpt":{"rendered":"<p>In ambito delle telecomunicazioni e in ambito informatico con Voice over IP (Voce tramite protocollo Internet), acronimo VoIP, si intende una tecnologia che rende possibile effettuare una conversazione telefonica sfruttando una connessione Internet o una qualsiasi altra rete dedicata a commutazione di pacchetto che utilizzi il protocollo IP senza connessione per il trasporto dati. Pi\u00f9 [&hellip;]<\/p>\n","protected":false},"author":2,"featured_media":0,"parent":0,"menu_order":0,"comment_status":"closed","ping_status":"open","template":"","meta":[],"_links":{"self":[{"href":"http:\/\/www.commuti.it\/it\/wp-json\/wp\/v2\/pages\/57"}],"collection":[{"href":"http:\/\/www.commuti.it\/it\/wp-json\/wp\/v2\/pages"}],"about":[{"href":"http:\/\/www.commuti.it\/it\/wp-json\/wp\/v2\/types\/page"}],"author":[{"embeddable":true,"href":"http:\/\/www.commuti.it\/it\/wp-json\/wp\/v2\/users\/2"}],"replies":[{"embeddable":true,"href":"http:\/\/www.commuti.it\/it\/wp-json\/wp\/v2\/comments?post=57"}],"version-history":[{"count":3,"href":"http:\/\/www.commuti.it\/it\/wp-json\/wp\/v2\/pages\/57\/revisions"}],"predecessor-version":[{"id":156,"href":"http:\/\/www.commuti.it\/it\/wp-json\/wp\/v2\/pages\/57\/revisions\/156"}],"wp:attachment":[{"href":"http:\/\/www.commuti.it\/it\/wp-json\/wp\/v2\/media?parent=57"}],"curies":[{"name":"wp","href":"https:\/\/api.w.org\/{rel}","templated":true}]}}