{"id":61,"date":"2014-06-24T20:17:07","date_gmt":"2014-06-24T18:17:07","guid":{"rendered":"http:\/\/www.commuti.it\/it\/?page_id=61"},"modified":"2014-06-26T12:59:47","modified_gmt":"2014-06-26T10:59:47","slug":"wlr","status":"publish","type":"page","link":"http:\/\/www.commuti.it\/it\/wlr\/","title":{"rendered":"WLR: Wholesale Line Rental"},"content":{"rendered":"<p><b>E&#8217; una tecnologia che permette a COMMUTI di prendere in carico non solo il traffico del cliente ma anche i canoni della linea e di tutti i servizi aggiuntivi<\/b>.<\/p>\n<p>Anche in questo caso non vi \u00e8 bisogno di alcuna modifica n\u00e9 per privati n\u00e9 per aziende.<br \/>\nIl cliente non riceve pi\u00f9 alcuna fattura da Telecom Italia.<\/p>\n<p>Non solo ma al cliente vengono riaddebitati automaticamente tutti gli anticipi conversazione o cauzioni precedentemente versati.<\/p>\n<p><b>Il servizio non  \u00e8 disponibile su tutto il territorio nazionale<\/b>.<\/p>\n<p><a href=\"\/it\/servizi-mobile\/\"><-- torna a Servizi<\/a><\/p>\n","protected":false},"excerpt":{"rendered":"<p>E&#8217; una tecnologia che permette a COMMUTI di prendere in carico non solo il traffico del cliente ma anche i canoni della linea e di tutti i servizi aggiuntivi. Anche in questo caso non vi \u00e8 bisogno di alcuna modifica n\u00e9 per privati n\u00e9 per aziende. Il cliente non riceve pi\u00f9 alcuna fattura da Telecom [&hellip;]<\/p>\n","protected":false},"author":2,"featured_media":0,"parent":0,"menu_order":0,"comment_status":"closed","ping_status":"open","template":"","meta":[],"_links":{"self":[{"href":"http:\/\/www.commuti.it\/it\/wp-json\/wp\/v2\/pages\/61"}],"collection":[{"href":"http:\/\/www.commuti.it\/it\/wp-json\/wp\/v2\/pages"}],"about":[{"href":"http:\/\/www.commuti.it\/it\/wp-json\/wp\/v2\/types\/page"}],"author":[{"embeddable":true,"href":"http:\/\/www.commuti.it\/it\/wp-json\/wp\/v2\/users\/2"}],"replies":[{"embeddable":true,"href":"http:\/\/www.commuti.it\/it\/wp-json\/wp\/v2\/comments?post=61"}],"version-history":[{"count":3,"href":"http:\/\/www.commuti.it\/it\/wp-json\/wp\/v2\/pages\/61\/revisions"}],"predecessor-version":[{"id":155,"href":"http:\/\/www.commuti.it\/it\/wp-json\/wp\/v2\/pages\/61\/revisions\/155"}],"wp:attachment":[{"href":"http:\/\/www.commuti.it\/it\/wp-json\/wp\/v2\/media?parent=61"}],"curies":[{"name":"wp","href":"https:\/\/api.w.org\/{rel}","templated":true}]}}